{"id":17,"date":"2020-01-21T12:38:05","date_gmt":"2020-01-21T12:38:05","guid":{"rendered":"http:\/\/beratra.com.tr\/?page_id=17"},"modified":"2020-01-21T13:58:02","modified_gmt":"2020-01-21T13:58:02","slug":"hakkimizda","status":"publish","type":"page","link":"https:\/\/beratra.com.tr\/","title":{"rendered":"HAKKIMIZDA"},"content":{"rendered":"\n<p class=\"has-normal-font-size\">Beratra \u00c7eviri Hizmetleri olarak \u00f6zellikle patent \u00e7evirileri olmak \u00fczere T\u00fcrk\u00e7e-\u0130ngilizce-Almanca-Frans\u0131zca-\u0130talyanca-\u0130spanyolca-Portekizce-Arap\u00e7a dahil bir\u00e7ok dilde \u00e7eviri hizmeti veren \u0130stanbul Levent&#8217;te yer alan 2014 y\u0131l\u0131nda kurulmu\u015f bir \u00e7eviri b\u00fcrosuyuz. \u00c7o\u011funlukla ilgili \u00fcniversitelerin \u00e7eviri bilimi b\u00f6l\u00fcmlerinden mezun olmu\u015f terc\u00fcmanlardan olu\u015fan bir ekip ile m\u00fc\u015fterilerimizin \u00e7eviri taleplerini eksiksiz yerine getirmekteyiz.<\/p>\n","protected":false},"excerpt":{"rendered":"<p>Beratra \u00c7eviri Hizmetleri olarak \u00f6zellikle patent \u00e7evirileri olmak \u00fczere T\u00fcrk\u00e7e-\u0130ngilizce-Almanca-Frans\u0131zca-\u0130talyanca-\u0130spanyolca-Portekizce-Arap\u00e7a dahil bir\u00e7ok dilde \u00e7eviri hizmeti veren \u0130stanbul Levent&#8217;te yer alan 2014 y\u0131l\u0131nda kurulmu\u015f bir \u00e7eviri b\u00fcrosuyuz. \u00c7o\u011funlukla ilgili \u00fcniversitelerin \u00e7eviri bilimi b\u00f6l\u00fcmlerinden mezun olmu\u015f terc\u00fcmanlardan olu\u015fan bir ekip ile m\u00fc\u015fterilerimizin \u00e7eviri taleplerini eksiksiz yerine getirmekteyiz.<\/p>\n","protected":false},"author":1,"featured_media":0,"parent":0,"menu_order":0,"comment_status":"closed","ping_status":"closed","template":"","meta":[],"_links":{"self":[{"href":"https:\/\/beratra.com.tr\/index.php?rest_route=\/wp\/v2\/pages\/17"}],"collection":[{"href":"https:\/\/beratra.com.tr\/index.php?rest_route=\/wp\/v2\/pages"}],"about":[{"href":"https:\/\/beratra.com.tr\/index.php?rest_route=\/wp\/v2\/types\/page"}],"author":[{"embeddable":true,"href":"https:\/\/beratra.com.tr\/index.php?rest_route=\/wp\/v2\/users\/1"}],"replies":[{"embeddable":true,"href":"https:\/\/beratra.com.tr\/index.php?rest_route=%2Fwp%2Fv2%2Fcomments&post=17"}],"version-history":[{"count":3,"href":"https:\/\/beratra.com.tr\/index.php?rest_route=\/wp\/v2\/pages\/17\/revisions"}],"predecessor-version":[{"id":51,"href":"https:\/\/beratra.com.tr\/index.php?rest_route=\/wp\/v2\/pages\/17\/revisions\/51"}],"wp:attachment":[{"href":"https:\/\/beratra.com.tr\/index.php?rest_route=%2Fwp%2Fv2%2Fmedia&parent=17"}],"curies":[{"name":"wp","href":"https:\/\/api.w.org\/{rel}","templated":true}]}}