{"id":18,"date":"2020-01-21T12:38:05","date_gmt":"2020-01-21T12:38:05","guid":{"rendered":"http:\/\/beratra.com.tr\/?page_id=18"},"modified":"2020-01-21T13:20:24","modified_gmt":"2020-01-21T13:20:24","slug":"hizmetlerimiz","status":"publish","type":"page","link":"https:\/\/beratra.com.tr\/?page_id=18","title":{"rendered":"H\u0130ZMETLER\u0130M\u0130Z"},"content":{"rendered":"\n<h2>Patent \u00c7evirileri<\/h2>\n\n\n\n<p>Patent tarifnamelerinin kaynak metne birebir ba\u011fl\u0131 kalarak anla\u015f\u0131l\u0131r bir dille eksiksiz terc\u00fcmesini tedarik ediyoruz. T\u00fcrk Patent Enstit\u00fcs\u00fcn\u00fcn patent mevzuatlar\u0131na ve tarifname i\u00e7erik kurallar\u0131na uygun olarak patent, karde\u015f patent ve faydal\u0131 model tarifnamelerini terc\u00fcme ediyoruz.<\/p>\n\n\n\n<h2>\u0130dari \u00c7eviriler<\/h2>\n\n\n\n<p>Her t\u00fcrl\u00fc de\u011ferli evrak, finansal metinler, akademik makale, tez, web sitesi, i\u015f mektuplar\u0131 gibi alanlarda yaz\u0131l\u0131 \u00e7eviri hizmeti sunuyoruz.<\/p>\n\n\n\n<h2>Hukuki \u00c7eviriler<\/h2>\n\n\n\n<p>Ba\u015fta fikri ve s\u0131nai m\u00fclkiyet haklar\u0131 kanunu olmak \u00fczere ceza kanunu, medeni kanun, bor\u00e7lar kanunu ve ticaret kanunu kapsam\u0131ndaki i\u015flemleriniz i\u00e7in gereken her t\u00fcrl\u00fc evrak\u0131n, anla\u015fman\u0131n, dilek\u00e7elerin, kararlar\u0131n, raporlar\u0131n ve delillerin asl\u0131na sad\u0131k, do\u011fru ve noterden tasdikli yeminli terc\u00fcmelerini sa\u011fl\u0131yoruz.<\/p>\n","protected":false},"excerpt":{"rendered":"<p>Patent \u00c7evirileri Patent tarifnamelerinin kaynak metne birebir ba\u011fl\u0131 kalarak anla\u015f\u0131l\u0131r bir dille eksiksiz terc\u00fcmesini tedarik ediyoruz. T\u00fcrk Patent Enstit\u00fcs\u00fcn\u00fcn patent mevzuatlar\u0131na ve tarifname i\u00e7erik kurallar\u0131na uygun olarak patent, karde\u015f patent ve faydal\u0131 model tarifnamelerini terc\u00fcme ediyoruz. \u0130dari \u00c7eviriler Her t\u00fcrl\u00fc de\u011ferli evrak, finansal metinler, akademik makale, tez, web sitesi, i\u015f mektuplar\u0131 gibi alanlarda yaz\u0131l\u0131 \u00e7eviri &hellip; <\/p>\n<p class=\"link-more\"><a href=\"https:\/\/beratra.com.tr\/?page_id=18\" class=\"more-link\">Okumaya devam et<span class=\"screen-reader-text\"> &#8220;H\u0130ZMETLER\u0130M\u0130Z&#8221;<\/span><\/a><\/p>\n","protected":false},"author":1,"featured_media":0,"parent":0,"menu_order":0,"comment_status":"closed","ping_status":"closed","template":"","meta":[],"_links":{"self":[{"href":"https:\/\/beratra.com.tr\/index.php?rest_route=\/wp\/v2\/pages\/18"}],"collection":[{"href":"https:\/\/beratra.com.tr\/index.php?rest_route=\/wp\/v2\/pages"}],"about":[{"href":"https:\/\/beratra.com.tr\/index.php?rest_route=\/wp\/v2\/types\/page"}],"author":[{"embeddable":true,"href":"https:\/\/beratra.com.tr\/index.php?rest_route=\/wp\/v2\/users\/1"}],"replies":[{"embeddable":true,"href":"https:\/\/beratra.com.tr\/index.php?rest_route=%2Fwp%2Fv2%2Fcomments&post=18"}],"version-history":[{"count":4,"href":"https:\/\/beratra.com.tr\/index.php?rest_route=\/wp\/v2\/pages\/18\/revisions"}],"predecessor-version":[{"id":39,"href":"https:\/\/beratra.com.tr\/index.php?rest_route=\/wp\/v2\/pages\/18\/revisions\/39"}],"wp:attachment":[{"href":"https:\/\/beratra.com.tr\/index.php?rest_route=%2Fwp%2Fv2%2Fmedia&parent=18"}],"curies":[{"name":"wp","href":"https:\/\/api.w.org\/{rel}","templated":true}]}}