{"id":22,"date":"2020-01-21T12:44:07","date_gmt":"2020-01-21T12:44:07","guid":{"rendered":"http:\/\/beratra.com.tr\/?page_id=22"},"modified":"2022-08-31T05:57:39","modified_gmt":"2022-08-31T05:57:39","slug":"iletisim","status":"publish","type":"page","link":"https:\/\/beratra.com.tr\/?page_id=22","title":{"rendered":"B\u0130ZE ULA\u015eIN"},"content":{"rendered":"\n<blockquote class=\"wp-block-quote\"><p>Bizimle ba\u011flant\u0131ya ge\u00e7mek i\u00e7in ge\u00e7 kalmay\u0131n zaman bizim i\u00e7in de\u011ferli.<\/p><\/blockquote>\n\n\n\n<h2>Adres<\/h2>\n\n\n\n<p>Nisbetiye Mahallesi, Nisbetiye Caddesi, No:24 \u0130\u00e7 Kap\u0131 No: 17, BE\u015e\u0130KTA\u015e\/\u0130STANBUL <\/p>\n\n\n\n<h2>Telefon<\/h2>\n\n\n\n<p><br>Mobil: 0 539 244 37 21<\/p>\n\n\n\n<h2>E-posta<\/h2>\n\n\n\n<p>ozlem@beratra.com<\/p>\n","protected":false},"excerpt":{"rendered":"<p>Bizimle ba\u011flant\u0131ya ge\u00e7mek i\u00e7in ge\u00e7 kalmay\u0131n zaman bizim i\u00e7in de\u011ferli. Adres Nisbetiye Mahallesi, Nisbetiye Caddesi, No:24 \u0130\u00e7 Kap\u0131 No: 17, BE\u015e\u0130KTA\u015e\/\u0130STANBUL Telefon Mobil: 0 539 244 37 21 E-posta ozlem@beratra.com<\/p>\n","protected":false},"author":1,"featured_media":0,"parent":0,"menu_order":0,"comment_status":"closed","ping_status":"closed","template":"","meta":[],"_links":{"self":[{"href":"https:\/\/beratra.com.tr\/index.php?rest_route=\/wp\/v2\/pages\/22"}],"collection":[{"href":"https:\/\/beratra.com.tr\/index.php?rest_route=\/wp\/v2\/pages"}],"about":[{"href":"https:\/\/beratra.com.tr\/index.php?rest_route=\/wp\/v2\/types\/page"}],"author":[{"embeddable":true,"href":"https:\/\/beratra.com.tr\/index.php?rest_route=\/wp\/v2\/users\/1"}],"replies":[{"embeddable":true,"href":"https:\/\/beratra.com.tr\/index.php?rest_route=%2Fwp%2Fv2%2Fcomments&post=22"}],"version-history":[{"count":5,"href":"https:\/\/beratra.com.tr\/index.php?rest_route=\/wp\/v2\/pages\/22\/revisions"}],"predecessor-version":[{"id":55,"href":"https:\/\/beratra.com.tr\/index.php?rest_route=\/wp\/v2\/pages\/22\/revisions\/55"}],"wp:attachment":[{"href":"https:\/\/beratra.com.tr\/index.php?rest_route=%2Fwp%2Fv2%2Fmedia&parent=22"}],"curies":[{"name":"wp","href":"https:\/\/api.w.org\/{rel}","templated":true}]}}