{"id":42,"date":"2020-01-21T13:31:32","date_gmt":"2020-01-21T13:31:32","guid":{"rendered":"http:\/\/beratra.com.tr\/?page_id=42"},"modified":"2020-01-21T13:31:32","modified_gmt":"2020-01-21T13:31:32","slug":"bize-katilin","status":"publish","type":"page","link":"https:\/\/beratra.com.tr\/?page_id=42","title":{"rendered":"B\u0130ZE KATILIN"},"content":{"rendered":"\n<p>Bizimle \u00e7al\u0131\u015fmak isterseniz kendinizi tan\u0131tan bir \u00f6n yaz\u0131 ile birlikte \u00f6z ge\u00e7mi\u015finizi ozlem@beratra.com.tr adresine g\u00f6nderebilirsiniz.<\/p>\n","protected":false},"excerpt":{"rendered":"<p>Bizimle \u00e7al\u0131\u015fmak isterseniz kendinizi tan\u0131tan bir \u00f6n yaz\u0131 ile birlikte \u00f6z ge\u00e7mi\u015finizi ozlem@beratra.com.tr adresine g\u00f6nderebilirsiniz.<\/p>\n","protected":false},"author":1,"featured_media":0,"parent":0,"menu_order":0,"comment_status":"closed","ping_status":"closed","template":"","meta":[],"_links":{"self":[{"href":"https:\/\/beratra.com.tr\/index.php?rest_route=\/wp\/v2\/pages\/42"}],"collection":[{"href":"https:\/\/beratra.com.tr\/index.php?rest_route=\/wp\/v2\/pages"}],"about":[{"href":"https:\/\/beratra.com.tr\/index.php?rest_route=\/wp\/v2\/types\/page"}],"author":[{"embeddable":true,"href":"https:\/\/beratra.com.tr\/index.php?rest_route=\/wp\/v2\/users\/1"}],"replies":[{"embeddable":true,"href":"https:\/\/beratra.com.tr\/index.php?rest_route=%2Fwp%2Fv2%2Fcomments&post=42"}],"version-history":[{"count":1,"href":"https:\/\/beratra.com.tr\/index.php?rest_route=\/wp\/v2\/pages\/42\/revisions"}],"predecessor-version":[{"id":44,"href":"https:\/\/beratra.com.tr\/index.php?rest_route=\/wp\/v2\/pages\/42\/revisions\/44"}],"wp:attachment":[{"href":"https:\/\/beratra.com.tr\/index.php?rest_route=%2Fwp%2Fv2%2Fmedia&parent=42"}],"curies":[{"name":"wp","href":"https:\/\/api.w.org\/{rel}","templated":true}]}}